{"id":885,"date":"2025-09-01T11:27:04","date_gmt":"2025-09-01T09:27:04","guid":{"rendered":"https:\/\/hastion.net\/?page_id=885"},"modified":"2025-09-01T15:02:49","modified_gmt":"2025-09-01T13:02:49","slug":"job-detailseite-mid-senior-frontend-developer-vue-nuxt-2","status":"publish","type":"page","link":"https:\/\/hastion.net\/en\/job-detailseite-mid-senior-frontend-developer-vue-nuxt-2\/","title":{"rendered":"Job-Detailseite \u2013 Freelance Frontend Developer (Vue\/Nuxt)"},"content":{"rendered":"<div data-elementor-type=\"wp-page\" data-elementor-id=\"885\" class=\"elementor elementor-885\" data-elementor-post-type=\"page\">\n\t\t\t\t<div class=\"elementor-element elementor-element-511dedfc e-flex e-con-boxed e-con e-parent\" data-id=\"511dedfc\" data-element_type=\"container\" data-e-type=\"container\" data-settings=\"{&quot;background_background&quot;:&quot;classic&quot;}\">\n\t\t\t\t\t<div class=\"e-con-inner\">\n\t\t\t\t<div class=\"elementor-element elementor-element-32283f8 elementor-widget elementor-widget-heading\" data-id=\"32283f8\" data-element_type=\"widget\" data-e-type=\"widget\" data-widget_type=\"heading.default\">\n\t\t\t\t<div class=\"elementor-widget-container\">\n\t\t\t\t\t<h1 class=\"elementor-heading-title elementor-size-default\">Freelance Frontend Developer (Vue\/Nuxt)<\/h1>\t\t\t\t<\/div>\n\t\t\t\t<\/div>\n\t\t\t\t<div class=\"elementor-element elementor-element-f425ff8 elementor-widget elementor-widget-heading\" data-id=\"f425ff8\" data-element_type=\"widget\" data-e-type=\"widget\" data-widget_type=\"heading.default\">\n\t\t\t\t<div class=\"elementor-widget-container\">\n\t\t\t\t\t<div class=\"elementor-heading-title elementor-size-default\">We are building a platform for asynchronous transfers (parcel stations, doors, and more) with an API hub for integrating partners and stations\u2014a Europe-wide network that is rethinking logistics. If you want to work on real problems with a modern tech stack and see your code make a difference at physical stations, welcome to Hastion.<\/div>\t\t\t\t<\/div>\n\t\t\t\t<\/div>\n\t\t\t\t\t<\/div>\n\t\t\t\t<\/div>\n\t\t<div class=\"elementor-element elementor-element-8581194 e-flex e-con-boxed e-con e-parent\" data-id=\"8581194\" data-element_type=\"container\" data-e-type=\"container\">\n\t\t\t\t\t<div class=\"e-con-inner\">\n\t\t\t\t<div class=\"elementor-element elementor-element-dd77fec elementor-widget elementor-widget-heading\" data-id=\"dd77fec\" data-element_type=\"widget\" data-e-type=\"widget\" data-widget_type=\"heading.default\">\n\t\t\t\t<div class=\"elementor-widget-container\">\n\t\t\t\t\t<h2 class=\"elementor-heading-title elementor-size-default\">Your responsibilities<\/h2>\t\t\t\t<\/div>\n\t\t\t\t<\/div>\n\t\t\t\t<div class=\"elementor-element elementor-element-f8fc14a elementor-icon-list--layout-traditional elementor-list-item-link-full_width elementor-widget elementor-widget-icon-list\" data-id=\"f8fc14a\" data-element_type=\"widget\" data-e-type=\"widget\" data-widget_type=\"icon-list.default\">\n\t\t\t\t<div class=\"elementor-widget-container\">\n\t\t\t\t\t\t\t<ul class=\"elementor-icon-list-items\">\n\t\t\t\t\t\t\t<li class=\"elementor-icon-list-item\">\n\t\t\t\t\t\t\t\t\t\t\t<span class=\"elementor-icon-list-icon\">\n\t\t\t\t\t\t\t<svg aria-hidden=\"true\" class=\"e-font-icon-svg e-fab-earlybirds\" viewbox=\"0 0 480 512\" xmlns=\"http:\/\/www.w3.org\/2000\/svg\"><path d=\"M313.2 47.5c1.2-13 21.3-14 36.6-8.7.9.3 26.2 9.7 19 15.2-27.9-7.4-56.4 18.2-55.6-6.5zm-201 6.9c30.7-8.1 62 20 61.1-7.1-1.3-14.2-23.4-15.3-40.2-9.6-1 .3-28.7 10.5-20.9 16.7zM319.4 160c-8.8 0-16 7.2-16 16s7.2 16 16 16 16-7.2 16-16-7.2-16-16-16zm-159.7 0c-8.8 0-16 7.2-16 16s7.2 16 16 16 16-7.2 16-16-7.2-16-16-16zm318.5 163.2c-9.9 24-40.7 11-63.9-1.2-13.5 69.1-58.1 111.4-126.3 124.2.3.9-2-.1 24 1 33.6 1.4 63.8-3.1 97.4-8-19.8-13.8-11.4-37.1-9.8-38.1 1.4-.9 14.7 1.7 21.6 11.5 8.6-12.5 28.4-14.8 30.2-13.6 1.6 1.1 6.6 20.9-6.9 34.6 4.7-.9 8.2-1.6 9.8-2.1 2.6-.8 17.7 11.3 3.1 13.3-14.3 2.3-22.6 5.1-47.1 10.8-45.9 10.7-85.9 11.8-117.7 12.8l1 11.6c3.8 18.1-23.4 24.3-27.6 6.2.8 17.9-27.1 21.8-28.4-1l-.5 5.3c-.7 18.4-28.4 17.9-28.3-.6-7.5 13.5-28.1 6.8-26.4-8.5l1.2-12.4c-36.7.9-59.7 3.1-61.8 3.1-20.9 0-20.9-31.6 0-31.6 2.4 0 27.7 1.3 63.2 2.8-61.1-15.5-103.7-55-114.9-118.2-25 12.8-57.5 26.8-68.2.8-10.5-25.4 21.5-42.6 66.8-73.4.7-6.6 1.6-13.3 2.7-19.8-14.4-19.6-11.6-36.3-16.1-60.4-16.8 2.4-23.2-9.1-23.6-23.1.3-7.3 2.1-14.9 2.4-15.4 1.1-1.8 10.1-2 12.7-2.6 6-31.7 50.6-33.2 90.9-34.5 19.7-21.8 45.2-41.5 80.9-48.3C203.3 29 215.2 8.5 216.2 8c1.7-.8 21.2 4.3 26.3 23.2 5.2-8.8 18.3-11.4 19.6-10.7 1.1.6 6.4 15-4.9 25.9 40.3 3.5 72.2 24.7 96 50.7 36.1 1.5 71.8 5.9 77.1 34 2.7.6 11.6.8 12.7 2.6.3.5 2.1 8.1 2.4 15.4-.5 13.9-6.8 25.4-23.6 23.1-3.2 17.3-2.7 32.9-8.7 47.7 2.4 11.7 4 23.8 4.8 36.4 37 25.4 70.3 42.5 60.3 66.9zM207.4 159.9c.9-44-37.9-42.2-78.6-40.3-21.7 1-38.9 1.9-45.5 13.9-11.4 20.9 5.9 92.9 23.2 101.2 9.8 4.7 73.4 7.9 86.3-7.1 8.2-9.4 15-49.4 14.6-67.7zm52 58.3c-4.3-12.4-6-30.1-15.3-32.7-2-.5-9-.5-11 0-10 2.8-10.8 22.1-17 37.2 15.4 0 19.3 9.7 23.7 9.7 4.3 0 6.3-11.3 19.6-14.2zm135.7-84.7c-6.6-12.1-24.8-12.9-46.5-13.9-40.2-1.9-78.2-3.8-77.3 40.3-.5 18.3 5 58.3 13.2 67.8 13 14.9 76.6 11.8 86.3 7.1 15.8-7.6 36.5-78.9 24.3-101.3z\"><\/path><\/svg>\t\t\t\t\t\t<\/span>\n\t\t\t\t\t\t\t\t\t\t<span class=\"elementor-icon-list-text\">Features &amp; Module in unserer Web-\/Hybrid-App und Admin-Bereich (Nuxt 3) bauen und weiterentwickeln<\/span>\n\t\t\t\t\t\t\t\t\t<\/li>\n\t\t\t\t\t\t\t\t<li class=\"elementor-icon-list-item\">\n\t\t\t\t\t\t\t\t\t\t\t<span class=\"elementor-icon-list-icon\">\n\t\t\t\t\t\t\t<svg aria-hidden=\"true\" class=\"e-font-icon-svg e-fas-bullseye\" viewbox=\"0 0 496 512\" xmlns=\"http:\/\/www.w3.org\/2000\/svg\"><path d=\"M248 8C111.03 8 0 119.03 0 256s111.03 248 248 248 248-111.03 248-248S384.97 8 248 8zm0 432c-101.69 0-184-82.29-184-184 0-101.69 82.29-184 184-184 101.69 0 184 82.29 184 184 0 101.69-82.29 184-184 184zm0-312c-70.69 0-128 57.31-128 128s57.31 128 128 128 128-57.31 128-128-57.31-128-128-128zm0 192c-35.29 0-64-28.71-64-64s28.71-64 64-64 64 28.71 64 64-28.71 64-64 64z\"><\/path><\/svg>\t\t\t\t\t\t<\/span>\n\t\t\t\t\t\t\t\t\t\t<span class=\"elementor-icon-list-text\">UI\/UX-Designs mit TailwindCSS &amp; Reka UI umsetzen<\/span>\n\t\t\t\t\t\t\t\t\t<\/li>\n\t\t\t\t\t\t\t\t<li class=\"elementor-icon-list-item\">\n\t\t\t\t\t\t\t\t\t\t\t<span class=\"elementor-icon-list-icon\">\n\t\t\t\t\t\t\t<svg aria-hidden=\"true\" class=\"e-font-icon-svg e-fas-bolt\" viewbox=\"0 0 320 512\" xmlns=\"http:\/\/www.w3.org\/2000\/svg\"><path d=\"M296 160H180.6l42.6-129.8C227.2 15 215.7 0 200 0H56C44 0 33.8 8.9 32.2 20.8l-32 240C-1.7 275.2 9.5 288 24 288h118.7L96.6 482.5c-3.6 15.2 8 29.5 23.3 29.5 8.4 0 16.4-4.4 20.8-12l176-304c9.3-15.9-2.2-36-20.7-36z\"><\/path><\/svg>\t\t\t\t\t\t<\/span>\n\t\t\t\t\t\t\t\t\t\t<span class=\"elementor-icon-list-text\">Performance optimieren &amp; testen (Vitest\/Playwright)<\/span>\n\t\t\t\t\t\t\t\t\t<\/li>\n\t\t\t\t\t\t\t\t<li class=\"elementor-icon-list-item\">\n\t\t\t\t\t\t\t\t\t\t\t<span class=\"elementor-icon-list-icon\">\n\t\t\t\t\t\t\t<svg aria-hidden=\"true\" class=\"e-font-icon-svg e-fas-puzzle-piece\" viewbox=\"0 0 576 512\" xmlns=\"http:\/\/www.w3.org\/2000\/svg\"><path d=\"M519.442 288.651c-41.519 0-59.5 31.593-82.058 31.593C377.409 320.244 432 144 432 144s-196.288 80-196.288-3.297c0-35.827 36.288-46.25 36.288-85.985C272 19.216 243.885 0 210.539 0c-34.654 0-66.366 18.891-66.366 56.346 0 41.364 31.711 59.277 31.711 81.75C175.885 207.719 0 166.758 0 166.758v333.237s178.635 41.047 178.635-28.662c0-22.473-40-40.107-40-81.471 0-37.456 29.25-56.346 63.577-56.346 33.673 0 61.788 19.216 61.788 54.717 0 39.735-36.288 50.158-36.288 85.985 0 60.803 129.675 25.73 181.23 25.73 0 0-34.725-120.101 25.827-120.101 35.962 0 46.423 36.152 86.308 36.152C556.712 416 576 387.99 576 354.443c0-34.199-18.962-65.792-56.558-65.792z\"><\/path><\/svg>\t\t\t\t\t\t<\/span>\n\t\t\t\t\t\t\t\t\t\t<span class=\"elementor-icon-list-text\">Optional: Help shape UX concepts and design systems<\/span>\n\t\t\t\t\t\t\t\t\t<\/li>\n\t\t\t\t\t\t<\/ul>\n\t\t\t\t\t\t<\/div>\n\t\t\t\t<\/div>\n\t\t\t\t\t<\/div>\n\t\t\t\t<\/div>\n\t\t<div class=\"elementor-element elementor-element-158caf5 e-flex e-con-boxed e-con e-parent\" data-id=\"158caf5\" data-element_type=\"container\" data-e-type=\"container\">\n\t\t\t\t\t<div class=\"e-con-inner\">\n\t\t\t\t<div class=\"elementor-element elementor-element-26411d0 elementor-widget elementor-widget-heading\" data-id=\"26411d0\" data-element_type=\"widget\" data-e-type=\"widget\" data-widget_type=\"heading.default\">\n\t\t\t\t<div class=\"elementor-widget-container\">\n\t\t\t\t\t<h2 class=\"elementor-heading-title elementor-size-default\">Your profile<\/h2>\t\t\t\t<\/div>\n\t\t\t\t<\/div>\n\t\t\t\t<div class=\"elementor-element elementor-element-2e42404 elementor-widget__width-initial elementor-icon-list--layout-traditional elementor-list-item-link-full_width elementor-widget elementor-widget-icon-list\" data-id=\"2e42404\" data-element_type=\"widget\" data-e-type=\"widget\" data-widget_type=\"icon-list.default\">\n\t\t\t\t<div class=\"elementor-widget-container\">\n\t\t\t\t\t\t\t<ul class=\"elementor-icon-list-items\">\n\t\t\t\t\t\t\t<li class=\"elementor-icon-list-item\">\n\t\t\t\t\t\t\t\t\t\t\t<span class=\"elementor-icon-list-icon\">\n\t\t\t\t\t\t\t<svg aria-hidden=\"true\" class=\"e-font-icon-svg e-fas-genderless\" viewbox=\"0 0 288 512\" xmlns=\"http:\/\/www.w3.org\/2000\/svg\"><path d=\"M144 176c44.1 0 80 35.9 80 80s-35.9 80-80 80-80-35.9-80-80 35.9-80 80-80m0-64C64.5 112 0 176.5 0 256s64.5 144 144 144 144-64.5 144-144-64.5-144-144-144z\"><\/path><\/svg>\t\t\t\t\t\t<\/span>\n\t\t\t\t\t\t\t\t\t\t<span class=\"elementor-icon-list-text\">Very solid knowledge of JavaScript\/TypeScript and Vue 3 \/ Nuxt 3<\/span>\n\t\t\t\t\t\t\t\t\t<\/li>\n\t\t\t\t\t\t\t\t<li class=\"elementor-icon-list-item\">\n\t\t\t\t\t\t\t\t\t\t\t<span class=\"elementor-icon-list-icon\">\n\t\t\t\t\t\t\t<svg aria-hidden=\"true\" class=\"e-font-icon-svg e-fas-genderless\" viewbox=\"0 0 288 512\" xmlns=\"http:\/\/www.w3.org\/2000\/svg\"><path d=\"M144 176c44.1 0 80 35.9 80 80s-35.9 80-80 80-80-35.9-80-80 35.9-80 80-80m0-64C64.5 112 0 176.5 0 256s64.5 144 144 144 144-64.5 144-144-64.5-144-144-144z\"><\/path><\/svg>\t\t\t\t\t\t<\/span>\n\t\t\t\t\t\t\t\t\t\t<span class=\"elementor-icon-list-text\">Erfahrung mit TailwindCSS &amp; modernen UI-Libraries<\/span>\n\t\t\t\t\t\t\t\t\t<\/li>\n\t\t\t\t\t\t\t\t<li class=\"elementor-icon-list-item\">\n\t\t\t\t\t\t\t\t\t\t\t<span class=\"elementor-icon-list-icon\">\n\t\t\t\t\t\t\t<svg aria-hidden=\"true\" class=\"e-font-icon-svg e-fas-genderless\" viewbox=\"0 0 288 512\" xmlns=\"http:\/\/www.w3.org\/2000\/svg\"><path d=\"M144 176c44.1 0 80 35.9 80 80s-35.9 80-80 80-80-35.9-80-80 35.9-80 80-80m0-64C64.5 112 0 176.5 0 256s64.5 144 144 144 144-64.5 144-144-64.5-144-144-144z\"><\/path><\/svg>\t\t\t\t\t\t<\/span>\n\t\t\t\t\t\t\t\t\t\t<span class=\"elementor-icon-list-text\">Understanding of API integration (REST\/OpenAPI, GraphQL if applicable)<\/span>\n\t\t\t\t\t\t\t\t\t<\/li>\n\t\t\t\t\t\t\t\t<li class=\"elementor-icon-list-item\">\n\t\t\t\t\t\t\t\t\t\t\t<span class=\"elementor-icon-list-icon\">\n\t\t\t\t\t\t\t<svg aria-hidden=\"true\" class=\"e-font-icon-svg e-fas-genderless\" viewbox=\"0 0 288 512\" xmlns=\"http:\/\/www.w3.org\/2000\/svg\"><path d=\"M144 176c44.1 0 80 35.9 80 80s-35.9 80-80 80-80-35.9-80-80 35.9-80 80-80m0-64C64.5 112 0 176.5 0 256s64.5 144 144 144 144-64.5 144-144-64.5-144-144-144z\"><\/path><\/svg>\t\t\t\t\t\t<\/span>\n\t\t\t\t\t\t\t\t\t\t<span class=\"elementor-icon-list-text\">Experience with Cordova\/Capacitor<\/span>\n\t\t\t\t\t\t\t\t\t<\/li>\n\t\t\t\t\t\t\t\t<li class=\"elementor-icon-list-item\">\n\t\t\t\t\t\t\t\t\t\t\t<span class=\"elementor-icon-list-icon\">\n\t\t\t\t\t\t\t<svg aria-hidden=\"true\" class=\"e-font-icon-svg e-fas-genderless\" viewbox=\"0 0 288 512\" xmlns=\"http:\/\/www.w3.org\/2000\/svg\"><path d=\"M144 176c44.1 0 80 35.9 80 80s-35.9 80-80 80-80-35.9-80-80 35.9-80 80-80m0-64C64.5 112 0 176.5 0 256s64.5 144 144 144 144-64.5 144-144-64.5-144-144-144z\"><\/path><\/svg>\t\t\t\t\t\t<\/span>\n\t\t\t\t\t\t\t\t\t\t<span class=\"elementor-icon-list-text\">Experience with PHP is an advantage<\/span>\n\t\t\t\t\t\t\t\t\t<\/li>\n\t\t\t\t\t\t\t\t<li class=\"elementor-icon-list-item\">\n\t\t\t\t\t\t\t\t\t\t\t<span class=\"elementor-icon-list-icon\">\n\t\t\t\t\t\t\t<svg aria-hidden=\"true\" class=\"e-font-icon-svg e-fas-genderless\" viewbox=\"0 0 288 512\" xmlns=\"http:\/\/www.w3.org\/2000\/svg\"><path d=\"M144 176c44.1 0 80 35.9 80 80s-35.9 80-80 80-80-35.9-80-80 35.9-80 80-80m0-64C64.5 112 0 176.5 0 256s64.5 144 144 144 144-64.5 144-144-64.5-144-144-144z\"><\/path><\/svg>\t\t\t\t\t\t<\/span>\n\t\t\t\t\t\t\t\t\t\t<span class=\"elementor-icon-list-text\">Structured, independent way of working and enjoyment in helping to shape a growing product<\/span>\n\t\t\t\t\t\t\t\t\t<\/li>\n\t\t\t\t\t\t\t\t<li class=\"elementor-icon-list-item\">\n\t\t\t\t\t\t\t\t\t\t\t<span class=\"elementor-icon-list-icon\">\n\t\t\t\t\t\t\t<svg aria-hidden=\"true\" class=\"e-font-icon-svg e-fas-genderless\" viewbox=\"0 0 288 512\" xmlns=\"http:\/\/www.w3.org\/2000\/svg\"><path d=\"M144 176c44.1 0 80 35.9 80 80s-35.9 80-80 80-80-35.9-80-80 35.9-80 80-80m0-64C64.5 112 0 176.5 0 256s64.5 144 144 144 144-64.5 144-144-64.5-144-144-144z\"><\/path><\/svg>\t\t\t\t\t\t<\/span>\n\t\t\t\t\t\t\t\t\t\t<span class=\"elementor-icon-list-text\">Curiosity, enthusiasm for startups, and a common goal<\/span>\n\t\t\t\t\t\t\t\t\t<\/li>\n\t\t\t\t\t\t\t\t<li class=\"elementor-icon-list-item\">\n\t\t\t\t\t\t\t\t\t\t\t<span class=\"elementor-icon-list-icon\">\n\t\t\t\t\t\t\t<svg aria-hidden=\"true\" class=\"e-font-icon-svg e-fas-genderless\" viewbox=\"0 0 288 512\" xmlns=\"http:\/\/www.w3.org\/2000\/svg\"><path d=\"M144 176c44.1 0 80 35.9 80 80s-35.9 80-80 80-80-35.9-80-80 35.9-80 80-80m0-64C64.5 112 0 176.5 0 256s64.5 144 144 144 144-64.5 144-144-64.5-144-144-144z\"><\/path><\/svg>\t\t\t\t\t\t<\/span>\n\t\t\t\t\t\t\t\t\t\t<span class=\"elementor-icon-list-text\">Languages: DE\/EN<\/span>\n\t\t\t\t\t\t\t\t\t<\/li>\n\t\t\t\t\t\t<\/ul>\n\t\t\t\t\t\t<\/div>\n\t\t\t\t<\/div>\n\t\t\t\t\t<\/div>\n\t\t\t\t<\/div>\n\t\t<div class=\"elementor-element elementor-element-72c2d4f e-flex e-con-boxed e-con e-parent\" data-id=\"72c2d4f\" data-element_type=\"container\" data-e-type=\"container\">\n\t\t\t\t\t<div class=\"e-con-inner\">\n\t\t<div class=\"elementor-element elementor-element-03b5c29 e-con-full e-flex e-con e-child\" data-id=\"03b5c29\" data-element_type=\"container\" data-e-type=\"container\">\n\t\t\t\t<div class=\"elementor-element elementor-element-fcd072d elementor-widget elementor-widget-heading\" data-id=\"fcd072d\" data-element_type=\"widget\" data-e-type=\"widget\" data-widget_type=\"heading.default\">\n\t\t\t\t<div class=\"elementor-widget-container\">\n\t\t\t\t\t<h2 class=\"elementor-heading-title elementor-size-default\">Why us<\/h2>\t\t\t\t<\/div>\n\t\t\t\t<\/div>\n\t\t\t\t<div class=\"elementor-element elementor-element-c3bd207 elementor-widget__width-initial elementor-icon-list--layout-traditional elementor-list-item-link-full_width elementor-widget elementor-widget-icon-list\" data-id=\"c3bd207\" data-element_type=\"widget\" data-e-type=\"widget\" data-widget_type=\"icon-list.default\">\n\t\t\t\t<div class=\"elementor-widget-container\">\n\t\t\t\t\t\t\t<ul class=\"elementor-icon-list-items\">\n\t\t\t\t\t\t\t<li class=\"elementor-icon-list-item\">\n\t\t\t\t\t\t\t\t\t\t\t<span class=\"elementor-icon-list-icon\">\n\t\t\t\t\t\t\t<svg aria-hidden=\"true\" class=\"e-font-icon-svg e-fas-plus\" viewbox=\"0 0 448 512\" xmlns=\"http:\/\/www.w3.org\/2000\/svg\"><path d=\"M416 208H272V64c0-17.67-14.33-32-32-32h-32c-17.67 0-32 14.33-32 32v144H32c-17.67 0-32 14.33-32 32v32c0 17.67 14.33 32 32 32h144v144c0 17.67 14.33 32 32 32h32c17.67 0 32-14.33 32-32V304h144c17.67 0 32-14.33 32-32v-32c0-17.67-14.33-32-32-32z\"><\/path><\/svg>\t\t\t\t\t\t<\/span>\n\t\t\t\t\t\t\t\t\t\t<span class=\"elementor-icon-list-text\">A meaningful product<\/span>\n\t\t\t\t\t\t\t\t\t<\/li>\n\t\t\t\t\t\t\t\t<li class=\"elementor-icon-list-item\">\n\t\t\t\t\t\t\t\t\t\t\t<span class=\"elementor-icon-list-icon\">\n\t\t\t\t\t\t\t<svg aria-hidden=\"true\" class=\"e-font-icon-svg e-fas-plus\" viewbox=\"0 0 448 512\" xmlns=\"http:\/\/www.w3.org\/2000\/svg\"><path d=\"M416 208H272V64c0-17.67-14.33-32-32-32h-32c-17.67 0-32 14.33-32 32v144H32c-17.67 0-32 14.33-32 32v32c0 17.67 14.33 32 32 32h144v144c0 17.67 14.33 32 32 32h32c17.67 0 32-14.33 32-32V304h144c17.67 0 32-14.33 32-32v-32c0-17.67-14.33-32-32-32z\"><\/path><\/svg>\t\t\t\t\t\t<\/span>\n\t\t\t\t\t\t\t\t\t\t<span class=\"elementor-icon-list-text\">Remote from anywhere or in the most beautiful co-working office in Stralsund, a city by the sea <\/span>\n\t\t\t\t\t\t\t\t\t<\/li>\n\t\t\t\t\t\t\t\t<li class=\"elementor-icon-list-item\">\n\t\t\t\t\t\t\t\t\t\t\t<span class=\"elementor-icon-list-icon\">\n\t\t\t\t\t\t\t<svg aria-hidden=\"true\" class=\"e-font-icon-svg e-fas-plus\" viewbox=\"0 0 448 512\" xmlns=\"http:\/\/www.w3.org\/2000\/svg\"><path d=\"M416 208H272V64c0-17.67-14.33-32-32-32h-32c-17.67 0-32 14.33-32 32v144H32c-17.67 0-32 14.33-32 32v32c0 17.67 14.33 32 32 32h144v144c0 17.67 14.33 32 32 32h32c17.67 0 32-14.33 32-32V304h144c17.67 0 32-14.33 32-32v-32c0-17.67-14.33-32-32-32z\"><\/path><\/svg>\t\t\t\t\t\t<\/span>\n\t\t\t\t\t\t\t\t\t\t<span class=\"elementor-icon-list-text\">We help with finding accommodation<\/span>\n\t\t\t\t\t\t\t\t\t<\/li>\n\t\t\t\t\t\t\t\t<li class=\"elementor-icon-list-item\">\n\t\t\t\t\t\t\t\t\t\t\t<span class=\"elementor-icon-list-icon\">\n\t\t\t\t\t\t\t<svg aria-hidden=\"true\" class=\"e-font-icon-svg e-fas-plus\" viewbox=\"0 0 448 512\" xmlns=\"http:\/\/www.w3.org\/2000\/svg\"><path d=\"M416 208H272V64c0-17.67-14.33-32-32-32h-32c-17.67 0-32 14.33-32 32v144H32c-17.67 0-32 14.33-32 32v32c0 17.67 14.33 32 32 32h144v144c0 17.67 14.33 32 32 32h32c17.67 0 32-14.33 32-32V304h144c17.67 0 32-14.33 32-32v-32c0-17.67-14.33-32-32-32z\"><\/path><\/svg>\t\t\t\t\t\t<\/span>\n\t\t\t\t\t\t\t\t\t\t<span class=\"elementor-icon-list-text\">Small, focused team, short communication channels, quick decisions<\/span>\n\t\t\t\t\t\t\t\t\t<\/li>\n\t\t\t\t\t\t\t\t<li class=\"elementor-icon-list-item\">\n\t\t\t\t\t\t\t\t\t\t\t<span class=\"elementor-icon-list-icon\">\n\t\t\t\t\t\t\t<svg aria-hidden=\"true\" class=\"e-font-icon-svg e-fas-plus\" viewbox=\"0 0 448 512\" xmlns=\"http:\/\/www.w3.org\/2000\/svg\"><path d=\"M416 208H272V64c0-17.67-14.33-32-32-32h-32c-17.67 0-32 14.33-32 32v144H32c-17.67 0-32 14.33-32 32v32c0 17.67 14.33 32 32 32h144v144c0 17.67 14.33 32 32 32h32c17.67 0 32-14.33 32-32V304h144c17.67 0 32-14.33 32-32v-32c0-17.67-14.33-32-32-32z\"><\/path><\/svg>\t\t\t\t\t\t<\/span>\n\t\t\t\t\t\t\t\t\t\t<span class=\"elementor-icon-list-text\">AI tools welcome \u2013 we use whatever makes us faster and better<\/span>\n\t\t\t\t\t\t\t\t\t<\/li>\n\t\t\t\t\t\t<\/ul>\n\t\t\t\t\t\t<\/div>\n\t\t\t\t<\/div>\n\t\t\t\t<\/div>\n\t\t\t\t\t<\/div>\n\t\t\t\t<\/div>\n\t\t<div class=\"elementor-element elementor-element-40f23fa e-flex e-con-boxed e-con e-parent\" data-id=\"40f23fa\" data-element_type=\"container\" data-e-type=\"container\">\n\t\t\t\t\t<div class=\"e-con-inner\">\n\t\t\t\t<div class=\"elementor-element elementor-element-5ee10e4 elementor-widget elementor-widget-text-editor\" data-id=\"5ee10e4\" data-element_type=\"widget\" data-e-type=\"widget\" data-widget_type=\"text-editor.default\">\n\t\t\t\t<div class=\"elementor-widget-container\">\n\t\t\t\t\t\t\t\t\t<p>Send us your GitHub\/portfolio, 2\u20133 relevant projects, a brief description of the role, and your daily rate<\/p><p>Contact: hallo@hastion.net<\/p>\t\t\t\t\t\t\t\t<\/div>\n\t\t\t\t<\/div>\n\t\t\t\t\t<\/div>\n\t\t\t\t<\/div>\n\t\t\t\t<\/div>","protected":false},"excerpt":{"rendered":"<p>Freelance Frontend Developer (Vue\/Nuxt) Wir bauen die Plattform f\u00fcr asynchrone \u00dcbergaben (Paketstationen, T\u00fcren und mehr) mit API-Hub zur Integration von Partnern &#038; Stationen \u2013 ein europaweites Netzwerk, das Logistik neu denkt. Wenn du Lust hast, mit modernem Tech-Stack an echten Problemen zu arbeiten und dein Code drau\u00dfen an physischen Stationen Wirkung entfaltet: Willkommen bei Hastion. [&hellip;]<\/p>\n","protected":false},"author":3,"featured_media":0,"parent":0,"menu_order":0,"comment_status":"closed","ping_status":"closed","template":"elementor_header_footer","meta":{"inline_featured_image":false,"footnotes":""},"class_list":["post-885","page","type-page","status-publish","hentry"],"_links":{"self":[{"href":"https:\/\/hastion.net\/en\/wp-json\/wp\/v2\/pages\/885","targetHints":{"allow":["GET"]}}],"collection":[{"href":"https:\/\/hastion.net\/en\/wp-json\/wp\/v2\/pages"}],"about":[{"href":"https:\/\/hastion.net\/en\/wp-json\/wp\/v2\/types\/page"}],"author":[{"embeddable":true,"href":"https:\/\/hastion.net\/en\/wp-json\/wp\/v2\/users\/3"}],"replies":[{"embeddable":true,"href":"https:\/\/hastion.net\/en\/wp-json\/wp\/v2\/comments?post=885"}],"version-history":[{"count":13,"href":"https:\/\/hastion.net\/en\/wp-json\/wp\/v2\/pages\/885\/revisions"}],"predecessor-version":[{"id":948,"href":"https:\/\/hastion.net\/en\/wp-json\/wp\/v2\/pages\/885\/revisions\/948"}],"wp:attachment":[{"href":"https:\/\/hastion.net\/en\/wp-json\/wp\/v2\/media?parent=885"}],"curies":[{"name":"wp","href":"https:\/\/api.w.org\/{rel}","templated":true}]}}